{"id":101,"date":"2015-12-20T23:01:13","date_gmt":"2015-12-20T22:01:13","guid":{"rendered":"http:\/\/www.ryborz.com\/?page_id=101"},"modified":"2020-12-30T11:06:32","modified_gmt":"2020-12-30T10:06:32","slug":"101-2","status":"publish","type":"page","link":"https:\/\/www.ryborz.com\/index.php\/handelsvertreter-fuer\/leuchten\/schmidt-strahl-gmbh\/101-2\/","title":{"rendered":"Fl\u00e4chen- und Flutlichtleuchten"},"content":{"rendered":"<div  class=\"mp-row-fluid motopress-row\">\n<div class=\"mp-span12 motopress-clmn\">\n<div class=\"mp-span6 motopress-clmn  motopress-empty mp-hidden-phone\">\n<p class=\"p1\"><span class=\"s1\"><\/p>\n<div class=\"motopress-image-obj motopress-text-align-left motopress-margin-bottom-10\"><img decoding=\"async\" src=\"https:\/\/www.ryborz.com\/wp-content\/uploads\/2020\/04\/PSH-1376_Doppelkopf_Traverse.png\" title=\"PSH-1376_Doppelkopf_Traverse\" alt=\"PSH-1376_Doppelkopf_Traverse\" class=\"motopress-image-obj-basic\" \/><\/div>\n<p><\/span><\/p>\n<\/div>\n<div class=\"mp-span6 motopress-clmn\">\n<div class=\"motopress-text-obj\">\n<h2>Fl\u00e4chen-\/Flutlichtleuchte PSH-137.<\/h2>\n<p>Die innovative Fl\u00e4chen-\/Flutlichtleuchte PSH-137 mit blendfreier LED-Linsentechnologie ist nicht nur generell f\u00fcr die Beleuchtung von Gro\u00dffl\u00e4chen konzipiert, sondern eignet sich aufgrund ihrer geringen Windangriffsfl\u00e4che besonders f\u00fcr Sportanlagen. Die 400V-Varianten erm\u00f6glichen eine professionelle Modernisierung von 2KW-Altanlagen im Austausch 1:1.<\/p>\n<p class=\"p2\"><span class=\"s1\"><b><i>Fl\u00e4chenleuchte PSH-137xxx<\/i><\/b><\/span><\/p>\n<ul class=\"ul1\">\n<li class=\"li2\">600 bis 1200 Watt (bis ca. 168000lm Leuchtenlichtstrom!), also mit 8 Leuchten wird Klasse III (&gt; 75lx) oder mit 16 Leuchten Klasse II (&gt; 200lx) erf\u00fcllt bzw. \u00fcbertroffen\u00a0(Einstellung Trainingsbetrieb oder Spielbetrieb m\u00f6glich!)<\/li>\n<li class=\"li2\">800W und 1200Watt als Zwillingsleuchte<\/li>\n<li class=\"li2\">Auch mit Farbtemperatur: 3000 Kelvin (\u201eInsektenschutz\u201c) m\u00f6glich<i><\/i><\/li>\n<\/ul>\n<p class=\"p1\"><span class=\"s1\"><div class=\"motopress-button-obj motopress-text-align-left\"><a href=\"https:\/\/www.ryborz.com\/wp-content\/uploads\/2020\/12\/Schmidt-Strahl_Folder-PSH-137xxx_Sportplatzbeleuchtung-04-20.pdf\" target=\"_self\" class=\"motopress-btn motopress-btn-color-silver motopress-btn-size-middle motopress-btn-rounded\">PDF zum Download<\/a><\/div><\/span><\/p>\n<\/div>\n<\/div>\n<\/div>\n<\/div>\n<div  class=\"mp-row-fluid motopress-row\">\n<div class=\"mp-span12 motopress-clmn\">\n<div class=\"mp-span6 motopress-clmn\">\n<p class=\"p1\"><span class=\"s1\"><\/p>\n<div class=\"motopress-image-obj motopress-text-align-left motopress-margin-bottom-10\"><img decoding=\"async\" src=\"https:\/\/www.ryborz.com\/wp-content\/uploads\/2020\/12\/PSH-131xxx.png\" title=\"PSH-131xxx\" alt=\"PSH-131xxx\" class=\"motopress-image-obj-basic\" \/><\/div>\n<p><\/span><\/p>\n<\/div>\n<div class=\"mp-span6 motopress-clmn\">\n<div class=\"motopress-text-obj\">\n<h2>Fl\u00e4chen-\/Flutlichtleuchte PSH-131xxx<\/h2>\n<p>Die besonders engstrahlende LED-Fl\u00e4chen-\/Flutlichtleuchte PSH-131 eignet sich vor allem f\u00fcr die Beleuchtung von Gro\u00dffl\u00e4chen wie Sportst\u00e4tten und Stadien sowie zur gezielten und effektiven Ausleuchtung von Baustellen, \u00dcberwachungsbereichen oder zum Beispiel von Steinbr\u00fcchen.<\/p>\n<p class=\"p2\"><span class=\"s1\"><b><i>LED-Fl\u00e4chen-\/Flutlichtleuchte PSH-131xxx<\/i><\/b><\/span><\/p>\n<ul class=\"ul1\">\n<li class=\"li2\"><i><\/i><span class=\"s1\"><i>rotationssymmetrische LED-Leuchte<\/i><\/span><\/li>\n<li class=\"li2\"><i><\/i><span class=\"s1\"><i>1200 Watt<\/i><\/span><\/li>\n<li class=\"li2\"><i><\/i><span class=\"s1\"><i>f\u00fcr ortsfeste Beleuchtung von Sportanlagen, Lagerfl\u00e4chen im Industriebereich, Baustellen und Flugh\u00e4fen<\/i><\/span><\/li>\n<\/ul>\n<p class=\"p1\"><span class=\"s1\"><div class=\"motopress-button-obj motopress-text-align-left\"><a href=\"https:\/\/www.ryborz.com\/wp-content\/uploads\/2020\/12\/Datenblatt_PSH-131xxx_05-20-.pdf\" target=\"_self\" class=\"motopress-btn motopress-btn-color-silver motopress-btn-size-middle motopress-btn-rounded\">PDF zum Download<\/a><\/div><\/span><\/p>\n<\/div>\n<\/div>\n<\/div>\n<\/div>\n<div  class=\"mp-row-fluid motopress-row\">\n<div class=\"mp-span12 motopress-clmn\">\n<div class=\"mp-span6 motopress-clmn\">\n<p class=\"p1\"><span class=\"s1\"><\/p>\n<div class=\"motopress-image-obj motopress-text-align-left\"><img decoding=\"async\" src=\"https:\/\/www.ryborz.com\/wp-content\/uploads\/2015\/12\/PSH-1421xx.jpg\" title=\"PSH-1421xx\" alt=\"PSH-1421xx\" class=\"motopress-image-obj-basic\" \/><\/div>\n<p><\/span><\/p>\n<\/div>\n<div class=\"mp-span6 motopress-clmn\">\n<div class=\"motopress-text-obj\">\n<p class=\"p2\"><span class=\"s1\"><b><i>Flutlichtleuchte 2100 \u2013\u00a0PSH-1421xx<\/i><\/b><\/span><\/p>\n<ul class=\"ul1\">\n<li class=\"li2\"><i><\/i><span class=\"s1\"><i>aus Aluminiumguss<\/i><\/span><\/li>\n<li class=\"li2\"><i><\/i><span class=\"s1\"><i>f\u00fcr Leuchtmittel mit E40 Fassung (1x 2000W)<\/i><\/span><\/li>\n<li class=\"li2\"><i><\/i><span class=\"s1\"><i>mit Abstrahlwinkel 60\u00b0<\/i><\/span><\/li>\n<li class=\"li2\"><i><\/i><span class=\"s1\"><i>Optionen: Zubeh\u00f6r wie Blenden und UV-Filter<\/i><\/span><\/li>\n<\/ul>\n<p class=\"p1\"><span class=\"s1\"><div class=\"motopress-image-obj motopress-text-align-left\"><img src=\"https:\/\/www.ryborz.com\/wp-content\/uploads\/2020\/12\/IMG-20201124-WA0004.jpg\" title=\"IMG-20201124-WA0004\" alt=\"IMG-20201124-WA0004\" class=\"motopress-image-obj-basic\" \/><\/div><\/span><\/p>\n<p class=\"p2\"><span class=\"s1\"><b><i>Umr\u00fcstung einer 4 Mastanlage<\/i><\/b><\/span><\/p>\n<ul class=\"ul1\">\n<li class=\"li2\"><i><\/i><span class=\"s1\"><i>Platz 105mx58m<\/i><\/span><\/li>\n<li class=\"li2\"><i><\/i><span class=\"s1\"><i>mit 8x PSH-142102-BB und 4x PSH-142101-BE (2000 Watt konventionell)<\/i><\/span><\/li>\n<li class=\"li2\"><i><\/i><span class=\"s1\"><i>auf 150 lx (miittlere Beleuchtungsst\u00e4rke)<\/i><\/span><\/li>\n<\/ul>\n<p class=\"p1\"><span class=\"s1\"><div class=\"motopress-button-obj motopress-text-align-left\"><a href=\"https:\/\/www.ryborz.com\/wp-content\/uploads\/2015\/12\/PSH-1421xx-X03.04.2012X-14.pdf\" target=\"_self\" class=\"motopress-btn motopress-btn-color-silver motopress-btn-size-middle motopress-btn-rounded\">PDF zum Download<\/a><\/div><\/span><\/p>\n<\/div>\n<\/div>\n<\/div>\n<\/div>\n","protected":false},"excerpt":{"rendered":"","protected":false},"author":1,"featured_media":0,"parent":13,"menu_order":0,"comment_status":"closed","ping_status":"closed","template":"","meta":[],"_links":{"self":[{"href":"https:\/\/www.ryborz.com\/index.php\/wp-json\/wp\/v2\/pages\/101"}],"collection":[{"href":"https:\/\/www.ryborz.com\/index.php\/wp-json\/wp\/v2\/pages"}],"about":[{"href":"https:\/\/www.ryborz.com\/index.php\/wp-json\/wp\/v2\/types\/page"}],"author":[{"embeddable":true,"href":"https:\/\/www.ryborz.com\/index.php\/wp-json\/wp\/v2\/users\/1"}],"replies":[{"embeddable":true,"href":"https:\/\/www.ryborz.com\/index.php\/wp-json\/wp\/v2\/comments?post=101"}],"version-history":[{"count":71,"href":"https:\/\/www.ryborz.com\/index.php\/wp-json\/wp\/v2\/pages\/101\/revisions"}],"predecessor-version":[{"id":486,"href":"https:\/\/www.ryborz.com\/index.php\/wp-json\/wp\/v2\/pages\/101\/revisions\/486"}],"up":[{"embeddable":true,"href":"https:\/\/www.ryborz.com\/index.php\/wp-json\/wp\/v2\/pages\/13"}],"wp:attachment":[{"href":"https:\/\/www.ryborz.com\/index.php\/wp-json\/wp\/v2\/media?parent=101"}],"curies":[{"name":"wp","href":"https:\/\/api.w.org\/{rel}","templated":true}]}}