{"id":108,"date":"2015-12-20T23:14:19","date_gmt":"2015-12-20T22:14:19","guid":{"rendered":"http:\/\/www.ryborz.com\/?page_id=108"},"modified":"2020-12-30T10:48:12","modified_gmt":"2020-12-30T09:48:12","slug":"kranleuchten","status":"publish","type":"page","link":"https:\/\/www.ryborz.com\/index.php\/handelsvertreter-fuer\/leuchten\/schmidt-strahl-gmbh\/kranleuchten\/","title":{"rendered":"Kranleuchten"},"content":{"rendered":"<div  class=\"mp-row-fluid motopress-row\">\n<div class=\"mp-span12 motopress-clmn\">\n<\/div>\n<\/div>\n<div  class=\"mp-row-fluid motopress-row\">\n<div class=\"mp-span12 motopress-clmn\">\n<div  class=\"mp-row-fluid motopress-row\">\n<div class=\"mp-span6 motopress-clmn\">\n<p class=\"p1\"><span class=\"s1\"><\/p>\n<div class=\"motopress-image-obj motopress-text-align-left motopress-margin-bottom-10\"><img decoding=\"async\" src=\"https:\/\/www.ryborz.com\/wp-content\/uploads\/2020\/12\/PSH-265_Kran.png\" title=\"PSH-265_Kran\" alt=\"PSH-265_Kran\" class=\"motopress-image-obj-basic\" \/><\/div>\n<p><\/span><\/p>\n<\/div>\n<div class=\"mp-span6 motopress-clmn\">\n<h1>Kranleuchten.<\/p>\n<h1>\n<p>Die LED-Kranleuchte PSH-2653 \/ PSH-2657 mit drei verschiedenen Abstrahlwinkeln und der M\u00f6glichkeit f\u00fcr den 400V-Betrieb eignet sich besonders f\u00fcr die ortsfeste Beleuchtung von Kranbahnen, Baukranen, Industriekranen, Portalkranen, Hafenmobilkranen, Fachwerkportalkranen, Hafenschienenkranen sowie schwingungsgef\u00e4hrdeten Konstruktionen in staub- und schmutzhaltiger Atmosph\u00e4re.<\/p>\n<p class=\"p2\"><span class=\"s1\"><b><i>Kranleuchte LED \u2013\u00a0PSH-2653xx und 2657xx<\/i><\/b><\/span><\/p>\n<ul class=\"ul1\">\n<li class=\"li2\">Geh\u00e4use aus Aluminium formstabil gekantet<\/li>\n<li class=\"li2\">Umgebungstemperatur bis + 60\u00b0C und als Sonderanfertigung bis + 80\u00b0C<\/li>\n<li class=\"li2\">LED-Linsentechnik bis 5x 37 Watt mit 25850 lm Leuchtenlichtstrom<\/li>\n<\/ul>\n<p class=\"p1\">\n<div class=\"motopress-button-obj motopress-text-align-left\"><a href=\"https:\/\/www.ryborz.com\/wp-content\/uploads\/2020\/12\/Datenblatt_PSH-265xxx-56-Kran_02-20.pdf\" target=\"_self\" class=\"motopress-btn motopress-btn-color-silver motopress-btn-size-middle motopress-btn-rounded\">Download Datenblatt<\/a><\/div>\n<\/p>\n<\/div>\n<\/div>\n<div  class=\"mp-row-fluid motopress-row\">\n<div class=\"mp-span6 motopress-clmn\">\n<p class=\"p1\"><span class=\"s1\"><\/p>\n<div class=\"motopress-image-obj motopress-text-align-left\"><img decoding=\"async\" src=\"https:\/\/www.ryborz.com\/wp-content\/uploads\/2015\/12\/01-PSH-1253_oG-mS.jpg\" title=\"01-PSH-1253_oG-mS\" alt=\"01-PSH-1253_oG-mS\" class=\"motopress-image-obj-basic\" \/><\/div>\n<p><\/span><\/p>\n<\/div>\n<div class=\"mp-span6 motopress-clmn\">\n<p class=\"p1\"><span class=\"s1\"><\/p>\n<div class=\"motopress-text-obj\"><\/span><\/p>\n<p class=\"p2\"><span class=\"s1\"><b><i>Kranleuchte Q10, Q15, Q20 \u2013\u00a0PSH125xxx<\/i><\/b><\/span><\/p>\n<ul class=\"ul1\">\n<li class=\"li2\"><i><\/i><span class=\"s1\"><i>aus Aluminiumguss (Korrosions- und seewasserbest\u00e4ndig)<\/i><\/span><\/li>\n<li class=\"li2\"><i><\/i><span class=\"s1\"><i>Leuchtmittel 250 bis 1000 W in verschiedenen Geh\u00e4usegr\u00f6\u00dfen<\/i><\/span><\/li>\n<li class=\"li2\"><i><\/i><span class=\"s1\"><i>Optional: Schutzgitteraus Edelstahl<\/i><\/span><\/li>\n<li class=\"li3\"><i><\/i><span class=\"s1\"><i>f\u00fcr erh\u00f6hte Umgebungstemperaturen auf Anfrage<\/i><\/span><\/li>\n<\/ul>\n<p class=\"p4\"><span class=\"s1\"><i>\u00a0<\/i><\/span><span class=\"s1\"><\/div>\n<p><\/span><\/p>\n<p class=\"p1\">\n<div class=\"motopress-button-obj motopress-text-align-left\"><a href=\"https:\/\/www.ryborz.com\/wp-content\/uploads\/2015\/12\/PSH-125xxx-X05.11.2014X.pdf\" target=\"_self\" class=\"motopress-btn motopress-btn-color-silver motopress-btn-size-middle motopress-btn-rounded\">PDF zum Download<\/a><\/div>\n<\/p>\n<\/div>\n<\/div>\n<\/div>\n<\/div>\n","protected":false},"excerpt":{"rendered":"","protected":false},"author":1,"featured_media":0,"parent":13,"menu_order":0,"comment_status":"closed","ping_status":"closed","template":"","meta":[],"_links":{"self":[{"href":"https:\/\/www.ryborz.com\/index.php\/wp-json\/wp\/v2\/pages\/108"}],"collection":[{"href":"https:\/\/www.ryborz.com\/index.php\/wp-json\/wp\/v2\/pages"}],"about":[{"href":"https:\/\/www.ryborz.com\/index.php\/wp-json\/wp\/v2\/types\/page"}],"author":[{"embeddable":true,"href":"https:\/\/www.ryborz.com\/index.php\/wp-json\/wp\/v2\/users\/1"}],"replies":[{"embeddable":true,"href":"https:\/\/www.ryborz.com\/index.php\/wp-json\/wp\/v2\/comments?post=108"}],"version-history":[{"count":26,"href":"https:\/\/www.ryborz.com\/index.php\/wp-json\/wp\/v2\/pages\/108\/revisions"}],"predecessor-version":[{"id":480,"href":"https:\/\/www.ryborz.com\/index.php\/wp-json\/wp\/v2\/pages\/108\/revisions\/480"}],"up":[{"embeddable":true,"href":"https:\/\/www.ryborz.com\/index.php\/wp-json\/wp\/v2\/pages\/13"}],"wp:attachment":[{"href":"https:\/\/www.ryborz.com\/index.php\/wp-json\/wp\/v2\/media?parent=108"}],"curies":[{"name":"wp","href":"https:\/\/api.w.org\/{rel}","templated":true}]}}