{"id":114,"date":"2015-12-20T23:27:29","date_gmt":"2015-12-20T22:27:29","guid":{"rendered":"http:\/\/www.ryborz.com\/?page_id=114"},"modified":"2020-12-30T11:09:36","modified_gmt":"2020-12-30T10:09:36","slug":"industrieleuchten","status":"publish","type":"page","link":"https:\/\/www.ryborz.com\/index.php\/handelsvertreter-fuer\/leuchten\/schmidt-strahl-gmbh\/industrieleuchten\/","title":{"rendered":"Industrieleuchten"},"content":{"rendered":"<div  class=\"mp-row-fluid motopress-row\">\n<div class=\"mp-span12 motopress-clmn\">\n<div class=\"mp-span6 motopress-clmn\">\n<p class=\"p1\"><span class=\"s1\"><\/p>\n<div class=\"motopress-image-obj motopress-text-align-left motopress-margin-bottom-10\"><img decoding=\"async\" src=\"https:\/\/www.ryborz.com\/wp-content\/uploads\/2020\/12\/PSH-280.png\" title=\"PSH-280\" alt=\"PSH-280\" class=\"motopress-image-obj-basic\" \/><\/div>\n<p><\/span><\/p>\n<\/div>\n<div class=\"mp-span6 motopress-clmn\">\n<h1>Industrieleuchte PSH-280 rotationssymmetrisch.<\/h1>\n<p>Die rotationssymmetrische LED-Industrieleuchte PSH-280 ist aus robustem Aluminium-Druckguss gefertigt und mit blendungsreduzierendem, strukturiertem Einscheibensicherheitsglas ausgestattet. Sie eignet sich besonders f\u00fcr die ortsfeste Beleuchtung von Industrie-, Lager- und Fertigungshallen sowie Sport- und Mehrzweckhallen.<\/p>\n<p class=\"p2\"><span class=\"s1\"><b><i>Industrie Hallendeckenleuchte \u2013\u00a0PSH-2801xx 4000K<\/i><\/b><\/span><\/p>\n<ul class=\"ul1\">\n<li class=\"li2\"><i><\/i>Rotationssymmetrische Hallendeckenleuchte, auch als Kranleuchte mit Schwingungsd\u00e4mpfung lieferbar!<\/li>\n<\/ul>\n<p class=\"p1\"><span class=\"s1\"><\/p>\n<div class=\"motopress-button-obj motopress-text-align-left\"><a href=\"https:\/\/www.ryborz.com\/wp-content\/uploads\/2020\/12\/PSH-2801xx_ESG_4000K_04-20.pdf\" target=\"_self\" class=\"motopress-btn motopress-btn-color-silver motopress-btn-size-middle motopress-btn-rounded\">Download Datenblatt<\/a><\/div>\n<p><\/span><\/p>\n<p class=\"p2\"><span class=\"s1\"><b><i>Industrie Hallendeckenleuchte \u2013\u00a02801xx 5000K<\/i><\/b><\/span><\/p>\n<ul class=\"ul1\">\n<li class=\"li2\"><i><\/i>Rotationssymmetrische Hallendeckenleuchte, auch als Kranleuchte mit Schwingungsd\u00e4mpfung lieferbar!<\/li>\n<\/ul>\n<p class=\"p1\"><span class=\"s1\"><\/p>\n<div class=\"motopress-button-obj motopress-text-align-left\"><a href=\"https:\/\/www.ryborz.com\/wp-content\/uploads\/2020\/04\/PSH-2801xx_ESG_5000K_04-20.pdf\" target=\"_self\" class=\"motopress-btn motopress-btn-color-silver motopress-btn-size-middle motopress-btn-rounded\">Download Datenblatt<\/a><\/div>\n<p><\/span><\/p>\n<\/div>\n<\/div>\n<\/div>\n<div  class=\"mp-row-fluid motopress-row\">\n<div class=\"mp-span12 motopress-clmn\">\n<div  class=\"mp-row-fluid motopress-row\"><\/div>\n<div class=\"mp-span12 motopress-clmn\"><\/div>\n<div  class=\"mp-row-fluid motopress-row\">\n<div class=\"mp-span6 motopress-clmn\">\n<p class=\"p1\"><span class=\"s1\"><\/p>\n<div class=\"motopress-image-obj motopress-text-align-left\"><img decoding=\"async\" src=\"https:\/\/www.ryborz.com\/wp-content\/uploads\/2020\/12\/PSH-265_Industrie_Variante1.png\" title=\"PSH-265_Industrie_Variante1\" alt=\"PSH-265_Industrie_Variante1\" class=\"motopress-image-obj-basic\" \/><\/div>\n<p><\/span><\/p>\n<\/div>\n<div class=\"mp-span6 motopress-clmn\">\n<p class=\"p1\"><span class=\"s1\"><\/p>\n<div  class=\"mp-row-fluid motopress-row\"><\/div>\n<p><\/span><\/p>\n<p class=\"p1\"><span class=\"s1\"><\/p>\n<div class=\"mp-span12 motopress-clmn\"><\/div>\n<p><\/span><\/p>\n<p class=\"p1\"><span class=\"s1\"><\/p>\n<div class=\"motopress-text-obj\"><\/span><\/p>\n<h1>Industrieleuchte PSH-2651\/2654.<\/h1>\n<p>Die LED-Industrieleuchte PSH-2651 \/ PSH-2654 ist der besonders robuste, qualitativ hochwertige Allrounder: mit einer wahlweisen Best\u00fcckung von bis zu f\u00fcnf Hochleistungs-LEDs, drei verschiedenen Abstrahlwinkeln, einer Hochtemperatur-Ausf\u00fchrung und der M\u00f6glichkeit f\u00fcr den 400V-Betrieb erf\u00fcllt diese Leuchte so gut wie jede Anforderung.<\/p>\n<p class=\"p2\"><span class=\"s1\"><b><i>Industrieleuchte LED \u2013\u00a0PSH-2651xx und 2654xx<\/i><\/b><\/span><\/p>\n<ul class=\"ul1\">\n<li class=\"li2\"><i><\/i>Geh\u00e4use aus Aluminium formstabil gekantet<\/li>\n<li class=\"li2\"><i><\/i>Umgebungstemperatur bis + 60\u00b0C und als Sonderanfertigung bis + 80\u00b0C<\/li>\n<li class=\"li2\"><i><\/i>LED-Linsentechnik bis 5x 37 Watt mit 25850 lm Leuchtenlichtstrom<\/li>\n<\/ul>\n<p class=\"p1\"><span class=\"s1\"><div class=\"motopress-button-obj motopress-text-align-left\"><a href=\"https:\/\/www.ryborz.com\/wp-content\/uploads\/2020\/12\/Datenblatt_PSH-265xxx-56-Industrie_03-20.pdf\" target=\"_self\" class=\"motopress-btn motopress-btn-color-silver motopress-btn-size-middle motopress-btn-rounded\">PDF zum Download<\/a><\/div><\/span><\/p>\n<p class=\"p1\"><span class=\"s1\"><\/div>\n<p><\/span><\/p>\n<p class=\"p1\"><span class=\"s1\"><\/div>\n<p><\/span><\/p>\n<p class=\"p1\"><span class=\"s1\"><\/div>\n<p><\/span><\/p>\n<\/div>\n<\/div>\n<div  class=\"mp-row-fluid motopress-row\">\n<div class=\"mp-span12 motopress-clmn\">\n<div  class=\"mp-row-fluid motopress-row\">\n<div class=\"mp-span6 motopress-clmn\">\n<p class=\"p1\"><span class=\"s1\"><\/p>\n<div class=\"motopress-image-obj motopress-text-align-left\"><img decoding=\"async\" src=\"https:\/\/www.ryborz.com\/wp-content\/uploads\/2015\/12\/PSH-4088.jpg\" title=\"PSH-4088\" alt=\"PSH-4088\" class=\"motopress-image-obj-basic\" \/><\/div>\n<p><\/span><\/p>\n<\/div>\n<div class=\"mp-span6 motopress-clmn\">\n<p class=\"p1\"><span class=\"s1\"><\/p>\n<div  class=\"mp-row-fluid motopress-row\"><\/div>\n<p><\/span><\/p>\n<p class=\"p1\"><span class=\"s1\"><\/p>\n<div class=\"mp-span12 motopress-clmn\"><\/div>\n<p><\/span><\/p>\n<p class=\"p1\"><span class=\"s1\"><\/p>\n<div class=\"motopress-text-obj\"><\/span><\/p>\n<h1>Feuchtraumleuchte HACCP.<\/h1>\n<p>Die LED-Feuchtraumleuchte PSH-40088 entspricht dem HACCP-Konzept (Hazard Analysis Critical Control Points) und verf\u00fcgt \u00fcber eine lebensmittelrechtliche Konformit\u00e4tserkl\u00e4rung. Sie ist damit besonders f\u00fcr den Einsatz in Betrieben geeignet, die mit der Zubereitung, Verarbeitung, Verpackung, Lagerung oder Behandlung von Lebensmitteln zu tun haben.<\/p>\n<p class=\"p2\"><span class=\"s1\"><b><i>LED-Feuchtraumleuchte \u2013\u00a0PSH-40088<\/i><\/b><\/span><\/p>\n<ul class=\"ul1\">\n<li class=\"li2\">aus glasfaserverst\u00e4rtem Polyesterharz mit Verschl\u00fcsse aus Edelstahl<\/li>\n<li class=\"li2\">LED-Modul (3800 bis 5750 lm Leuchtenlichtstrom) mit Lebensdauer bis 50000 h<\/li>\n<li class=\"li2\">geschlossene Leuchte nach IFS (International Food Standard)<\/li>\n<li class=\"li2\">mit Druckausgleichselement<\/li>\n<\/ul>\n<p class=\"p1\"><span class=\"s1\"><div class=\"motopress-button-obj motopress-text-align-left\"><a href=\"https:\/\/www.ryborz.com\/wp-content\/uploads\/2015\/12\/PSH-40088x.pdf\" target=\"_self\" class=\"motopress-btn motopress-btn-color-silver motopress-btn-size-middle motopress-btn-rounded\">PDF zum Download<\/a><\/div><\/span><\/p>\n<p class=\"p1\"><span class=\"s1\"><\/div>\n<p><\/span><\/p>\n<p class=\"p1\"><span class=\"s1\"><\/div>\n<p><\/span><\/p>\n<p class=\"p1\"><span class=\"s1\"><\/div>\n<p><\/span><\/p>\n<\/div>\n<\/div>\n<div  class=\"mp-row-fluid motopress-row\">\n<div class=\"mp-span12 motopress-clmn\">\n<\/div>\n<\/div>\n","protected":false},"excerpt":{"rendered":"","protected":false},"author":1,"featured_media":0,"parent":13,"menu_order":0,"comment_status":"closed","ping_status":"closed","template":"","meta":[],"_links":{"self":[{"href":"https:\/\/www.ryborz.com\/index.php\/wp-json\/wp\/v2\/pages\/114"}],"collection":[{"href":"https:\/\/www.ryborz.com\/index.php\/wp-json\/wp\/v2\/pages"}],"about":[{"href":"https:\/\/www.ryborz.com\/index.php\/wp-json\/wp\/v2\/types\/page"}],"author":[{"embeddable":true,"href":"https:\/\/www.ryborz.com\/index.php\/wp-json\/wp\/v2\/users\/1"}],"replies":[{"embeddable":true,"href":"https:\/\/www.ryborz.com\/index.php\/wp-json\/wp\/v2\/comments?post=114"}],"version-history":[{"count":63,"href":"https:\/\/www.ryborz.com\/index.php\/wp-json\/wp\/v2\/pages\/114\/revisions"}],"predecessor-version":[{"id":487,"href":"https:\/\/www.ryborz.com\/index.php\/wp-json\/wp\/v2\/pages\/114\/revisions\/487"}],"up":[{"embeddable":true,"href":"https:\/\/www.ryborz.com\/index.php\/wp-json\/wp\/v2\/pages\/13"}],"wp:attachment":[{"href":"https:\/\/www.ryborz.com\/index.php\/wp-json\/wp\/v2\/media?parent=114"}],"curies":[{"name":"wp","href":"https:\/\/api.w.org\/{rel}","templated":true}]}}