{"id":123,"date":"2015-12-20T23:58:04","date_gmt":"2015-12-20T22:58:04","guid":{"rendered":"http:\/\/www.ryborz.com\/?page_id=123"},"modified":"2020-12-13T17:55:14","modified_gmt":"2020-12-13T16:55:14","slug":"strassenleuchten","status":"publish","type":"page","link":"https:\/\/www.ryborz.com\/index.php\/handelsvertreter-fuer\/leuchten\/schmidt-strahl-gmbh\/strassenleuchten\/","title":{"rendered":"Stra\u00dfenleuchten"},"content":{"rendered":"<div  class=\"mp-row-fluid motopress-row\">\n<div class=\"mp-span6 motopress-clmn\">\n<p class=\"p1\"><span class=\"s1\"><\/p>\n<div class=\"motopress-image-obj motopress-text-align-left motopress-margin-bottom-10\"><img decoding=\"async\" src=\"https:\/\/www.ryborz.com\/wp-content\/uploads\/2020\/12\/PSH3803xx_Ballena.png\" title=\"PSH3803xx_Ballena\" alt=\"PSH3803xx_Ballena\" class=\"motopress-image-obj-basic\" \/><\/div>\n<p><\/span><\/p>\n<\/div>\n<div class=\"mp-span6 motopress-clmn\">\n<p class=\"p1\"><span class=\"s1\"><\/p>\n<div  class=\"mp-row-fluid motopress-row\"><\/span><\/p>\n<p class=\"p1\"><span class=\"s1\"><\/p>\n<div class=\"mp-span12 motopress-clmn\"><\/span><\/p>\n<p class=\"p1\"><span class=\"s1\"><\/p>\n<div class=\"motopress-text-obj\"><\/span><\/p>\n<h1>Stra\u00dfenleuchte Ballena.<\/h1>\n<p>Die Stra\u00dfenleuchte PSH-380 Ballena eignet sich besonders f\u00fcr die ortsfeste Beleuchtung von Stra\u00dfen unterschiedlicher Verkehrsdichte, wie \u00f6ffentliche und private Kraftfahrzeugstra\u00dfen, Wohn- und Anliegerstra\u00dfen, Fu\u00dfg\u00e4ngerzonen, Einkaufsstra\u00dfen, Park- und Gr\u00fcnanlagen, repr\u00e4sentative Pl\u00e4tze, Schulh\u00f6fe, Parkpl\u00e4tze.<\/p>\n<p class=\"p2\"><span class=\"s1\"><b><i>LED- Stra\u00dfenleuchte \u2013\u00a0PSH-380xxx<\/i><\/b><\/span><\/p>\n<ul class=\"ul1\">\n<li class=\"li2\">aus Aluminium Druckguss<\/li>\n<li class=\"li2\">Hocheffizientes High-Power LED-Modul (Lebensdauer bis 100.000 h)><\/li>\n<li class=\"li2\">18 bis 120W in 2 Geh\u00e4usevarianten<\/li>\n<li class=\"li2\">Leuchtenlichtstrom 2000 lm bis 12000 lm<\/li>\n<li class=\"li2\">mit Integriertem Druckausgleichssystem<\/li>\n<\/ul>\n<p class=\"p1\"><span class=\"s1\"><div class=\"motopress-button-obj motopress-text-align-left\"><a href=\"https:\/\/www.ryborz.com\/wp-content\/uploads\/2020\/12\/PSH-380-LED-Strassenleuchte_Folder-003.pdf\" target=\"_self\" class=\"motopress-btn motopress-btn-color-silver motopress-btn-size-middle motopress-btn-rounded\">Download Datenblatt<\/a><\/div><\/span><\/p>\n<p class=\"p1\"><span class=\"s1\"><\/div>\n<p><\/span><\/p>\n<p class=\"p1\"><span class=\"s1\"><\/div>\n<p><\/span><\/p>\n<p class=\"p1\"><span class=\"s1\"><\/div>\n<p><\/span><\/p>\n<\/div>\n<\/div>\n<div  class=\"mp-row-fluid motopress-row\">\n<div class=\"mp-span6 motopress-clmn\">\n<p class=\"p1\"><span class=\"s1\"><\/p>\n<div class=\"motopress-image-obj motopress-text-align-left motopress-margin-bottom-10\"><img decoding=\"async\" src=\"https:\/\/www.ryborz.com\/wp-content\/uploads\/2020\/12\/Platzhalter-PSH-3671.jpg\" title=\"Platzhalter-PSH-3671\" alt=\"Platzhalter-PSH-3671\" class=\"motopress-image-obj-basic\" \/><\/div>\n<p><\/span><\/p>\n<\/div>\n<div class=\"mp-span6 motopress-clmn\">\n<p class=\"p1\"><span class=\"s1\"><\/p>\n<div  class=\"mp-row-fluid motopress-row\"><\/span><\/p>\n<p class=\"p1\"><span class=\"s1\"><\/p>\n<div class=\"mp-span12 motopress-clmn\"><\/span><\/p>\n<p class=\"p1\"><span class=\"s1\"><\/p>\n<div class=\"motopress-text-obj\"><\/span><\/p>\n<h1>Calma-Mastaufsatzleuchte.<\/h1>\n<p>Die Calma-Mastaufsatzleuchte PSH-367103 mit LED-Technologie eignet sich besonders f\u00fcr die ortsfeste Beleuchtung von Stra\u00dfen und repr\u00e4sentativen Pl\u00e4tzen, Fu\u00dfg\u00e4ngerzonen, Einkaufstra\u00dfen, Park und Gr\u00fcnanlagen, Promenaden, Kinderg\u00e4rten, Schulen und Universit\u00e4ten.<\/p>\n<p class=\"p2\"><span class=\"s1\"><b><i>Calma PSH-36710x<\/i><\/b><\/span><\/p>\n<ul class=\"ul1\">\n<li class=\"li2\">Mastaufsatzleuchte 18 Watt bis 60 Watt<\/li>\n<li class=\"li2\">Werkzeugloses \u00f6ffnen der Leuchte<\/li>\n<li class=\"li2\">Farbtemperatur 3000K auf Anfrage<\/li>\n<\/ul>\n<p class=\"p1\"><span class=\"s1\"><div class=\"motopress-button-obj motopress-text-align-left\"><a href=\"https:\/\/www.ryborz.com\/wp-content\/uploads\/2020\/12\/PSH-36710x_Datenblatt.pdf\" target=\"_self\" class=\"motopress-btn motopress-btn-color-silver motopress-btn-size-middle motopress-btn-rounded\">Download Datenblatt<\/a><\/div><\/span><\/p>\n<p class=\"p1\"><span class=\"s1\"><\/div>\n<p><\/span><\/p>\n<p class=\"p1\"><span class=\"s1\"><\/div>\n<p><\/span><\/p>\n<p class=\"p1\"><span class=\"s1\"><\/div>\n<p><\/span><\/p>\n<\/div>\n<\/div>\n","protected":false},"excerpt":{"rendered":"","protected":false},"author":1,"featured_media":0,"parent":13,"menu_order":0,"comment_status":"closed","ping_status":"closed","template":"","meta":[],"_links":{"self":[{"href":"https:\/\/www.ryborz.com\/index.php\/wp-json\/wp\/v2\/pages\/123"}],"collection":[{"href":"https:\/\/www.ryborz.com\/index.php\/wp-json\/wp\/v2\/pages"}],"about":[{"href":"https:\/\/www.ryborz.com\/index.php\/wp-json\/wp\/v2\/types\/page"}],"author":[{"embeddable":true,"href":"https:\/\/www.ryborz.com\/index.php\/wp-json\/wp\/v2\/users\/1"}],"replies":[{"embeddable":true,"href":"https:\/\/www.ryborz.com\/index.php\/wp-json\/wp\/v2\/comments?post=123"}],"version-history":[{"count":22,"href":"https:\/\/www.ryborz.com\/index.php\/wp-json\/wp\/v2\/pages\/123\/revisions"}],"predecessor-version":[{"id":472,"href":"https:\/\/www.ryborz.com\/index.php\/wp-json\/wp\/v2\/pages\/123\/revisions\/472"}],"up":[{"embeddable":true,"href":"https:\/\/www.ryborz.com\/index.php\/wp-json\/wp\/v2\/pages\/13"}],"wp:attachment":[{"href":"https:\/\/www.ryborz.com\/index.php\/wp-json\/wp\/v2\/media?parent=123"}],"curies":[{"name":"wp","href":"https:\/\/api.w.org\/{rel}","templated":true}]}}