{"id":13,"date":"2015-12-14T10:55:39","date_gmt":"2015-12-14T09:55:39","guid":{"rendered":"http:\/\/www.ryborz.com\/?page_id=13"},"modified":"2016-05-01T22:57:36","modified_gmt":"2016-05-01T20:57:36","slug":"schmidt-strahl-gmbh","status":"publish","type":"page","link":"https:\/\/www.ryborz.com\/index.php\/handelsvertreter-fuer\/leuchten\/schmidt-strahl-gmbh\/","title":{"rendered":"Schmidt-Strahl GmbH"},"content":{"rendered":"\n<div  class=\"mp-row-fluid motopress-row\">\n<div class=\"mp-span12 motopress-clmn\">\n<p>&nbsp;<\/p>\n<\/div>\n<\/div>\n<div  class=\"mp-row-fluid motopress-row\">\n<div class=\"mp-span12 motopress-clmn\">\n<h3 data-fontsize=\"16\" data-lineheight=\"24\">Intelligent \u2013 flexibel \u2013 made in Germany:<\/h3>\n<p data-fontsize=\"16\" data-lineheight=\"24\">Die Schmidt-Strahl GmbH bietet optimale Lichtl\u00f6sungen mit h\u00f6chsten technischen Standards. Exakt zugeschnitten auf die Anforderungen der Kunden und zu einem \u00fcberzeugenden Preis-Leistungs-Verh\u00e4ltnis. Das Traditionshaus ist weit \u00fcber die Grenzen hinaus als Spezialist f\u00fcr Gro\u00dffl\u00e4chenbeleuchtung bekannt und konzipiert und realisiert weltweit Geb\u00e4udeanstrahlungen, die Ausleuchtung von Sport- und Freizeitst\u00e4tten, Industrieanlagen und vieles mehr \u2013 erfolgreich und kompetent seit 1953. Mit der Eingliederung der Rademacher GmbH reicht dessen Erfahrung sogar schon bis 1914 zur\u00fcck.<\/p>\n<p data-fontsize=\"16\" data-lineheight=\"24\">Das breite Angebot umfasst zudem technische Leuchten f\u00fcr die verschiedensten Anwendungsf\u00e4lle. Damit beliefert die Schmidt-Strahl GmbH beispielsweise die Industrie, Verkehrsgemeinschaften, St\u00e4dte, Gemeinden und Beh\u00f6rden. Aber auch Bauherren, Architekten und Lichtplaner setzen auf dessen innovative Lichtkonzepte.<br \/>\nDie hochwertigen und langlebigen Produkte werden in Deutschland gefertigt und montiert. Sie zeichnen sich durch h\u00f6chste Qualit\u00e4t aus: Hervorragende Lichttechnik, au\u00dferordentlich gute Materialien, einfache Montage und Wartung. Alle Leuchtmittel sind je nach Anspruch w\u00e4hlbar und es wird gro\u00dfen Wert auf \u00f6kologische Nachhaltigkeit gelegt \u2013 ein echter Beitrag zum Umweltschutz.<br \/>\nDabei bietet dieses Unternehmen nicht nur Standards, sondern setzt auch individuelle Kundenw\u00fcnsche schnell und flexibel um. Selbst in geringer St\u00fcckzahl bedienen sie punktgenau den jeweiligen Bedarf. Und besonders wichtig: Auch noch Jahrzehnte sp\u00e4ter liefert die Schmidt-Strahl GmbH Ersatzteile f\u00fcr jede Leuchtenform. Zu dessen Leistungen geh\u00f6rt dar\u00fcber hinaus die wirtschaftliche und kosteng\u00fcnstige Umr\u00fcstung bereits bestehender Anlagen.<br \/>\nDas Unternehmen verf\u00fcgt am Standort Meerbusch \u00fcber 60 engagierte und fachlich kompetente Mitarbeiter. Gemeinsam mit dessen spezialisierten Partnern und Vertretungen sorgen sie f\u00fcr eine ortsnahe, pers\u00f6nliche und seri\u00f6se Betreuung der Kunden mit kurzen Reaktionszeiten.<\/p>\n<\/div>\n<\/div>\n<div  class=\"mp-row-fluid motopress-row\">\n<div class=\"mp-span12 motopress-clmn\">\n<p>Interessieren Sie sich f\u00fcr die Produkte der Schmidt-Strahl GmbH oder wollen mehr \u00fcber das Unternehmen erfahren dann klicken Sie einfach auf den entsprechenden Button&#8230;<\/p>\n<\/div>\n<\/div>\n<div  class=\"mp-row-fluid motopress-row\">\n<div class=\"mp-span12 motopress-clmn\">\n<div class=\"motopress-button-group-obj motopress-text-align-left motopress-button-group-horizontal motopress-button-group-indent-5\">\n<div class=\"motopress-button-inner-obj motopress-text-align-left\"><a href=\"http:\/\/www.ryborz.com\/index.php\/handelsvertreter-fuer\/leuchten\/schmidt-strahl-gmbh\/101-2\/\" target=\"_self\" class=\"motopress-btn motopress-btn-size-middle motopress-btn-icon-indent-small motopress-btn-rounded motopress-btn-color-dark-grey\">Fl\u00e4chen- und Flutlichtleuchten<\/a><\/div>\n<div class=\"motopress-button-inner-obj motopress-text-align-left\"><a href=\"http:\/\/www.ryborz.com\/index.php\/handelsvertreter-fuer\/leuchten\/schmidt-strahl-gmbh\/industrieleuchten\/\" target=\"_self\" class=\"motopress-btn motopress-btn-size-middle motopress-btn-icon-indent-small motopress-btn-rounded motopress-btn-color-dark-grey\">Industrieleuchten<\/a><\/div>\n<\/div>\n<\/div>\n<\/div>\n<div  class=\"mp-row-fluid motopress-row\">\n<div class=\"mp-span12 motopress-clmn\">\n<div class=\"motopress-button-group-obj motopress-text-align-left motopress-button-group-horizontal motopress-button-group-indent-5\">\n<div class=\"motopress-button-inner-obj motopress-text-align-left\"><a href=\"http:\/\/www.ryborz.com\/index.php\/handelsvertreter-fuer\/leuchten\/schmidt-strahl-gmbh\/kranleuchten\/\" target=\"_self\" class=\"motopress-btn motopress-btn-size-middle motopress-btn-icon-indent-small motopress-btn-rounded motopress-btn-color-dark-grey\">Kranleuchten<\/a><\/div>\n<div class=\"motopress-button-inner-obj motopress-text-align-left\"><a href=\"http:\/\/www.ryborz.com\/index.php\/handelsvertreter-fuer\/leuchten\/schmidt-strahl-gmbh\/strassenleuchten\/\" target=\"_self\" class=\"motopress-btn motopress-btn-size-middle motopress-btn-icon-indent-small motopress-btn-rounded motopress-btn-color-dark-grey\">Stra\u00dfenleuchten<\/a><\/div>\n<\/div>\n<\/div>\n<\/div>\n<div  class=\"mp-row-fluid motopress-row\">\n<div class=\"mp-span12 motopress-clmn\">\n<div class=\"motopress-button-obj motopress-text-align-left\"><a href=\"http:\/\/www.schmidt-strahl.de\" target=\"_self\" class=\"motopress-btn motopress-btn-color-silver motopress-btn-size-middle motopress-btn-rounded motopress-btn-icon-indent-small\">www.schmidt-strahl.de<\/a><\/div>\n<\/div>\n<\/div>\n","protected":false},"excerpt":{"rendered":"","protected":false},"author":1,"featured_media":0,"parent":11,"menu_order":0,"comment_status":"closed","ping_status":"closed","template":"","meta":[],"_links":{"self":[{"href":"https:\/\/www.ryborz.com\/index.php\/wp-json\/wp\/v2\/pages\/13"}],"collection":[{"href":"https:\/\/www.ryborz.com\/index.php\/wp-json\/wp\/v2\/pages"}],"about":[{"href":"https:\/\/www.ryborz.com\/index.php\/wp-json\/wp\/v2\/types\/page"}],"author":[{"embeddable":true,"href":"https:\/\/www.ryborz.com\/index.php\/wp-json\/wp\/v2\/users\/1"}],"replies":[{"embeddable":true,"href":"https:\/\/www.ryborz.com\/index.php\/wp-json\/wp\/v2\/comments?post=13"}],"version-history":[{"count":17,"href":"https:\/\/www.ryborz.com\/index.php\/wp-json\/wp\/v2\/pages\/13\/revisions"}],"predecessor-version":[{"id":257,"href":"https:\/\/www.ryborz.com\/index.php\/wp-json\/wp\/v2\/pages\/13\/revisions\/257"}],"up":[{"embeddable":true,"href":"https:\/\/www.ryborz.com\/index.php\/wp-json\/wp\/v2\/pages\/11"}],"wp:attachment":[{"href":"https:\/\/www.ryborz.com\/index.php\/wp-json\/wp\/v2\/media?parent=13"}],"curies":[{"name":"wp","href":"https:\/\/api.w.org\/{rel}","templated":true}]}}