{"id":157,"date":"2015-12-21T16:07:02","date_gmt":"2015-12-21T15:07:02","guid":{"rendered":"http:\/\/www.ryborz.com\/?page_id=157"},"modified":"2020-06-17T22:13:23","modified_gmt":"2020-06-17T20:13:23","slug":"gitterrinnen","status":"publish","type":"page","link":"https:\/\/www.ryborz.com\/index.php\/handelsvertreter-fuer\/kabeltragsysteme\/siltec\/gitterrinnen\/","title":{"rendered":"Gitterrinnen"},"content":{"rendered":"<div  class=\"mp-row-fluid motopress-row\">\n<div class=\"mp-span12 motopress-clmn\">\n<div class=\"motopress-image-obj motopress-text-align-left\"><img decoding=\"async\" src=\"https:\/\/www.ryborz.com\/wp-content\/uploads\/2015\/12\/Foto_CIMG2703.jpg\" title=\"Foto_CIMG2703\" alt=\"Foto_CIMG2703\" class=\"motopress-image-obj-basic\" \/><\/div>\n<\/div>\n<\/div>\n<div  class=\"mp-row-fluid motopress-row\">\n<div class=\"mp-span12 motopress-clmn\">\n<div class=\"motopress-text-obj motopress-margin-top-50\">\n<\/div>\n<\/div>\n<\/div>\n<div  class=\"mp-row-fluid motopress-row\">\n<div class=\"mp-span4 motopress-clmn\">\n<div class=\"motopress-image-obj motopress-text-align-left motopress-margin-bottom-10\"><img decoding=\"async\" src=\"https:\/\/www.ryborz.com\/wp-content\/uploads\/2020\/04\/GITTERKABELRINNEN-SCHWERLASTTR\u00c4GER-DE_Seite_01.jpg\" title=\"GITTERKABELRINNEN-SCHWERLASTTR\u00c4GER-DE_Seite_01\" alt=\"GITTERKABELRINNEN-SCHWERLASTTR\u00c4GER-DE_Seite_01\" class=\"motopress-image-obj-basic\" \/><\/div>\n<\/div>\n<div class=\"mp-span8 motopress-clmn\">\n<div  class=\"mp-row-fluid motopress-row\">\n<div class=\"mp-span12 motopress-clmn\">\n<div class=\"motopress-text-obj\">\n<h3><strong>Gitterkabelrinnen<\/strong><\/h3>\n<p><span style=\"color: #000000;\">Schwerlastt\u00e4ger f\u00fcr sehr grosse Belastung<\/span><\/p>\n<\/div>\n<\/div>\n<\/div>\n<div  class=\"mp-row-fluid motopress-row\">\n<div class=\"mp-span12 motopress-clmn\">\n<div class=\"motopress-button-obj motopress-text-align-left\"><a href=\"https:\/\/www.ryborz.com\/wp-content\/uploads\/2015\/12\/GITTERKABELRINNEN-SCHWERLASTTR\u00c4GER_15_12_08.pdf\" target=\"_self\" class=\"motopress-btn motopress-btn-color-silver motopress-btn-size-middle motopress-btn-rounded\">Katalog zum Download<\/a><\/div>\n<\/div>\n<\/div>\n<\/div>\n<\/div>\n<div  class=\"mp-row-fluid motopress-row\">\n<div class=\"mp-span12 motopress-clmn\">\n<div class=\"motopress-code-obj motopress-margin-top-100\">\n<\/div>\n<\/div>\n<\/div>\n<div  class=\"mp-row-fluid motopress-row\">\n<div class=\"mp-span4 motopress-clmn\">\n<div class=\"motopress-image-obj motopress-text-align-left\"><img decoding=\"async\" src=\"https:\/\/www.ryborz.com\/wp-content\/uploads\/2020\/04\/STANDARDGITTERRINNEN-OFFENE-DE_Seite_01.jpg\" title=\"STANDARDGITTERRINNEN-OFFENE-DE_Seite_01\" alt=\"STANDARDGITTERRINNEN-OFFENE-DE_Seite_01\" class=\"motopress-image-obj-basic\" \/><\/div>\n<\/div>\n<div class=\"mp-span8 motopress-clmn\">\n<div  class=\"mp-row-fluid motopress-row\">\n<div class=\"mp-span12 motopress-clmn\">\n<div class=\"motopress-text-obj\">\n<h3><strong>Standardgitterrinnen\u00a0<\/strong><\/h3>\n<p><span style=\"color: #000000;\">Offene Rinne, einschlie\u00dflich C-Gitterrinne<\/span><\/p>\n<\/div>\n<\/div>\n<\/div>\n<div  class=\"mp-row-fluid motopress-row\">\n<div class=\"mp-span12 motopress-clmn\">\n<div class=\"motopress-button-obj motopress-text-align-left\"><a href=\"https:\/\/www.ryborz.com\/wp-content\/uploads\/2020\/04\/STANDARDGITTERRINNEN-OFFENE-DE.pdf\" target=\"_self\" class=\"motopress-btn motopress-btn-color-silver motopress-btn-size-middle motopress-btn-rounded\">Katalog zum Download<\/a><\/div>\n<\/div>\n<\/div>\n<\/div>\n<\/div>\n<div  class=\"mp-row-fluid motopress-row\">\n<div class=\"mp-span12 motopress-clmn\">\n<div class=\"motopress-code-obj motopress-margin-top-100\">\n<\/div>\n<\/div>\n<\/div>\n<div  class=\"mp-row-fluid motopress-row\">\n<div class=\"mp-span4 motopress-clmn\">\n<div class=\"motopress-image-obj motopress-text-align-left\"><img decoding=\"async\" src=\"https:\/\/www.ryborz.com\/wp-content\/uploads\/2020\/04\/STANDARDGITTERRINNEN-VERRIEGLNDE-DE_Seite_01.jpg\" title=\"STANDARDGITTERRINNEN-VERRIEGLNDE-DE_Seite_01\" alt=\"STANDARDGITTERRINNEN-VERRIEGLNDE-DE_Seite_01\" class=\"motopress-image-obj-basic\" \/><\/div>\n<\/div>\n<div class=\"mp-span8 motopress-clmn\">\n<div  class=\"mp-row-fluid motopress-row\">\n<div class=\"mp-span12 motopress-clmn\">\n<div class=\"motopress-text-obj\">\n<h3><strong>Verriegelnde Rinne<\/strong><\/h3>\n<p><span style=\"color: #000000; font-size: 15px;\"><span style=\"caret-color: #ffffff; font-family: Arial, sans-serif;\">als Rohrersatz und f\u00fcr Maschinenzuf\u00fchrung ohne Kabelbinder.<\/span><\/span><\/p>\n<\/div>\n<\/div>\n<\/div>\n<div  class=\"mp-row-fluid motopress-row\">\n<div class=\"mp-span12 motopress-clmn\">\n<div class=\"motopress-button-obj motopress-text-align-left\"><a href=\"https:\/\/www.ryborz.com\/wp-content\/uploads\/2020\/04\/STANDARDGITTERRINNEN-VERRIEGLNDE-DE.pdf\" target=\"_self\" class=\"motopress-btn motopress-btn-color-silver motopress-btn-size-middle motopress-btn-rounded\">Katalog zum Download<\/a><\/div>\n<\/div>\n<\/div>\n<\/div>\n<\/div>\n<div  class=\"mp-row-fluid motopress-row\">\n<div class=\"mp-span12 motopress-clmn\">\n<div class=\"motopress-code-obj motopress-margin-top-100\">\n<\/div>\n<\/div>\n<\/div>\n<div  class=\"mp-row-fluid motopress-row\">\n<div class=\"mp-span4 motopress-clmn\">\n<div class=\"motopress-image-obj motopress-text-align-left\"><img decoding=\"async\" src=\"https:\/\/www.ryborz.com\/wp-content\/uploads\/2020\/06\/GITTERKABELRINNEN-COMPACT-DE-03-2020_Seite_1.jpg\" title=\"GITTERKABELRINNEN-COMPACT-DE-03-2020_Seite_1\" alt=\"GITTERKABELRINNEN-COMPACT-DE-03-2020_Seite_1\" class=\"motopress-image-obj-basic\" \/><\/div>\n<\/div>\n<div class=\"mp-span8 motopress-clmn\">\n<div  class=\"mp-row-fluid motopress-row\">\n<div class=\"mp-span12 motopress-clmn\">\n<div class=\"motopress-text-obj\">\n<h3><b>Gitterkabelrinnen Compact<\/b><\/h3>\n<p><span style=\"color: #000000;\">Insbesondere geeignet f\u00fcr den Maschinenbau<\/span><\/p>\n<p><span style=\"color: #000000;\">(Seite 6: Magnetische Leitungsklemmen f\u00fcr Gitterrinnen S126 bis S129)<\/span><\/p>\n<\/div>\n<\/div>\n<\/div>\n<div  class=\"mp-row-fluid motopress-row\">\n<div class=\"mp-span12 motopress-clmn\">\n<div class=\"motopress-button-obj motopress-text-align-left\"><a href=\"https:\/\/www.ryborz.com\/wp-content\/uploads\/2020\/06\/GITTERKABELRINNEN-COMPACT-DE-03-2020.pdf\" target=\"_self\" class=\"motopress-btn motopress-btn-color-silver motopress-btn-size-middle motopress-btn-rounded\">Katalog zum Download<\/a><\/div>\n<\/div>\n<\/div>\n<\/div>\n<\/div>\n<div  class=\"mp-row-fluid motopress-row\">\n<div class=\"mp-span12 motopress-clmn\">\n<div class=\"motopress-code-obj motopress-margin-top-100\">\n<\/div>\n<\/div>\n<\/div>\n<div  class=\"mp-row-fluid motopress-row\">\n<div class=\"mp-span4 motopress-clmn\">\n<div class=\"motopress-image-obj motopress-text-align-left\"><img decoding=\"async\" src=\"https:\/\/www.ryborz.com\/wp-content\/uploads\/2020\/04\/Leuchtentragsystem_Seite_1.jpg\" title=\"Leuchtentragsystem_Seite_1\" alt=\"Leuchtentragsystem_Seite_1\" class=\"motopress-image-obj-basic\" \/><\/div>\n<\/div>\n<div class=\"mp-span8 motopress-clmn\">\n<div  class=\"mp-row-fluid motopress-row\">\n<div class=\"mp-span12 motopress-clmn\">\n<div class=\"motopress-text-obj\">\n<h3><strong>Leuchtentragesystem<\/strong><\/h3>\n<p><span style=\"letter-spacing: normal; caret-color: #ffffff; color: #000000; font-family: Arial, sans-serif; font-size: 14.666666984558105px;\">Geeignet f\u00fcr St\u00fctzabst\u00e4nde bis 3m (siehe Belastungstabelle nach EN\/IEC 61537!).<\/span><\/p>\n<\/div>\n<\/div>\n<\/div>\n<div  class=\"mp-row-fluid motopress-row\">\n<div class=\"mp-span12 motopress-clmn\">\n<div class=\"motopress-button-obj motopress-text-align-left\"><a href=\"http:\/\/www.ryborz.com\/wp-content\/uploads\/2020\/04\/Wir-bieten-mehr-...-Leuchtentragsystem.pdf\" target=\"_self\" class=\"motopress-btn motopress-btn-color-silver motopress-btn-size-middle motopress-btn-rounded\">Katalog zum Download<\/a><\/div>\n<\/div>\n<\/div>\n<\/div>\n<\/div>\n<div  class=\"mp-row-fluid motopress-row\">\n<div class=\"mp-span12 motopress-clmn\">\n<div class=\"motopress-code-obj motopress-margin-top-100\">\n<\/div>\n<\/div>\n<\/div>\n<div  class=\"mp-row-fluid motopress-row\">\n<div class=\"mp-span4 motopress-clmn\">\n<div class=\"motopress-image-obj motopress-text-align-left\"><img decoding=\"async\" src=\"https:\/\/www.ryborz.com\/wp-content\/uploads\/2020\/04\/Kabelhalter_Seite_1.jpg\" title=\"Kabelhalter_Seite_1\" alt=\"Kabelhalter_Seite_1\" class=\"motopress-image-obj-basic\" \/><\/div>\n<\/div>\n<div class=\"mp-span8 motopress-clmn\">\n<div  class=\"mp-row-fluid motopress-row\">\n<div class=\"mp-span12 motopress-clmn\">\n<div class=\"motopress-text-obj\">\n<h3>Neue Kabelhalter<\/h3>\n<p><span style=\"letter-spacing: normal; caret-color: #ffffff; color: #000000; font-family: Arial, sans-serif; font-size: 14.666666984558105px;\">Kabelvereinzelung f\u00fcr erh\u00f6hte Hygiene und Sicherheit.<\/span><\/p>\n<\/div>\n<\/div>\n<\/div>\n<div  class=\"mp-row-fluid motopress-row\">\n<div class=\"mp-span12 motopress-clmn\">\n<div class=\"motopress-button-obj motopress-text-align-left\"><a href=\"http:\/\/www.ryborz.com\/wp-content\/uploads\/2020\/04\/Neue-Kabelhalter_DE.pdf\" target=\"_self\" class=\"motopress-btn motopress-btn-color-silver motopress-btn-size-middle motopress-btn-rounded\">Katalog zum Download<\/a><\/div>\n<\/div>\n<\/div>\n<\/div>\n<\/div>\n<div  class=\"mp-row-fluid motopress-row\">\n<div class=\"mp-span12 motopress-clmn\">\n<div class=\"motopress-code-obj motopress-margin-top-100\">\n<\/div>\n<\/div>\n<\/div>\n<div  class=\"mp-row-fluid motopress-row\">\n<div class=\"mp-span12 motopress-clmn\">\n<div class=\"motopress-code-obj\">\n<p style=\"text-align: center;\"><span style=\"color: #000000;\"><b>Rufen Sie uns an, auch Verlegesysteme f\u00fcr Funktionserhalt (E30 bis E90), Einzelverlegesysteme oder Sonderanfertigungen sind m\u00f6glich!<\/b><\/span><\/p>\n<\/div>\n<\/div>\n<\/div>\n","protected":false},"excerpt":{"rendered":"","protected":false},"author":1,"featured_media":0,"parent":31,"menu_order":0,"comment_status":"closed","ping_status":"closed","template":"","meta":[],"_links":{"self":[{"href":"https:\/\/www.ryborz.com\/index.php\/wp-json\/wp\/v2\/pages\/157"}],"collection":[{"href":"https:\/\/www.ryborz.com\/index.php\/wp-json\/wp\/v2\/pages"}],"about":[{"href":"https:\/\/www.ryborz.com\/index.php\/wp-json\/wp\/v2\/types\/page"}],"author":[{"embeddable":true,"href":"https:\/\/www.ryborz.com\/index.php\/wp-json\/wp\/v2\/users\/1"}],"replies":[{"embeddable":true,"href":"https:\/\/www.ryborz.com\/index.php\/wp-json\/wp\/v2\/comments?post=157"}],"version-history":[{"count":26,"href":"https:\/\/www.ryborz.com\/index.php\/wp-json\/wp\/v2\/pages\/157\/revisions"}],"predecessor-version":[{"id":384,"href":"https:\/\/www.ryborz.com\/index.php\/wp-json\/wp\/v2\/pages\/157\/revisions\/384"}],"up":[{"embeddable":true,"href":"https:\/\/www.ryborz.com\/index.php\/wp-json\/wp\/v2\/pages\/31"}],"wp:attachment":[{"href":"https:\/\/www.ryborz.com\/index.php\/wp-json\/wp\/v2\/media?parent=157"}],"curies":[{"name":"wp","href":"https:\/\/api.w.org\/{rel}","templated":true}]}}