{"id":31,"date":"2015-12-20T15:55:31","date_gmt":"2015-12-20T14:55:31","guid":{"rendered":"http:\/\/www.ryborz.com\/?page_id=31"},"modified":"2020-06-17T21:15:11","modified_gmt":"2020-06-17T19:15:11","slug":"siltec","status":"publish","type":"page","link":"https:\/\/www.ryborz.com\/index.php\/handelsvertreter-fuer\/kabeltragsysteme\/siltec\/","title":{"rendered":"Siltec"},"content":{"rendered":"\n<div  class=\"mp-row-fluid motopress-row\">\n<p>&nbsp;<\/p>\n<div class=\"mp-span12 motopress-clmn\">\n<h2>SILTEC A\/S &#8211; in ganz Europa<\/h2>\n<p><a href=\"https:\/\/siltec.dk\/?attachment_id=4773\" rel=\"attachment wp-att-4773\"><img decoding=\"async\" loading=\"lazy\" class=\"size-medium wp-image-4773 alignleft\" src=\"https:\/\/siltec.dk\/wp-content\/uploads\/Facade.jpg\" alt=\"Facade\" width=\"150\" height=\"\" \/><\/a>Seit der Gr\u00fcndung im Jahr 1994 hat SILTEC A\/S Kabel- und Leitungsverlegesysteme f\u00fcr viele Zwecke entwickelt und hergestellt.<\/p>\n<p>Am Anfang hat SILTEC A\/S sich in erster Linie auf den D\u00e4nischen Markt konzentriert.<\/p>\n<p>Heute hat SILTEC A\/S einen betr\u00e4chtlichen Exportanteil zu einer Reihe von L\u00e4ndern &#8211; haupts\u00e4chlich in Europa. Heute liefern dieses Unternehmen ein breites Programm an Gitterkabelrinnen und Aufh\u00e4ngungsm\u00f6glichkeiten f\u00fcr viele Zwecke.<\/p>\n<p>Siltec stellt auch Gitterkabelrinnen mit individuellen Abmessungen her.<\/p>\n<\/div>\n<\/div>\n<p>&nbsp;<\/p>\n<div  class=\"mp-row-fluid motopress-row\">\n<div class=\"mp-span12 motopress-clmn\">\n<div class=\"motopress-code-obj\">\n<p>Interessieren Sie sich f\u00fcr die Produkte von Siltec oder wollen mehr \u00fcber das Unternehmen erfahren dann klicken Sie einfach auf den entsprechenden Button&#8230;<\/p>\n<\/div>\n<\/div>\n<\/div>\n<div  class=\"mp-row-fluid motopress-row\">\n<div class=\"mp-span12 motopress-clmn\">\n<div class=\"motopress-button-group-obj motopress-text-align-left motopress-button-group-horizontal motopress-button-group-indent-5\">\n<div class=\"motopress-button-inner-obj motopress-text-align-left\"><a href=\"https:\/\/www.ryborz.com\/index.php\/handelsvertreter-fuer\/kabeltragsysteme\/siltec\/gitterrinnen\/\" target=\"_self\" class=\"motopress-btn motopress-btn-size-middle motopress-btn-icon-indent-small motopress-btn-rounded motopress-btn-color-dark-grey\">Produkte (Gitterrinnen)<\/a><\/div>\n<div class=\"motopress-button-inner-obj motopress-text-align-left\"><a href=\"https:\/\/siltec.dk\/de\/\" target=\"_self\" class=\"motopress-btn motopress-btn-size-middle motopress-btn-icon-indent-small motopress-btn-rounded motopress-btn-color-silver\">www.siltec.dk\/de<\/a><\/div>\n<\/div>\n<\/div>\n<\/div>\n","protected":false},"excerpt":{"rendered":"<div class=\"slide-text-bg2\"><span>&nbsp;<\/span><\/div>","protected":false},"author":1,"featured_media":0,"parent":27,"menu_order":0,"comment_status":"closed","ping_status":"closed","template":"","meta":[],"_links":{"self":[{"href":"https:\/\/www.ryborz.com\/index.php\/wp-json\/wp\/v2\/pages\/31"}],"collection":[{"href":"https:\/\/www.ryborz.com\/index.php\/wp-json\/wp\/v2\/pages"}],"about":[{"href":"https:\/\/www.ryborz.com\/index.php\/wp-json\/wp\/v2\/types\/page"}],"author":[{"embeddable":true,"href":"https:\/\/www.ryborz.com\/index.php\/wp-json\/wp\/v2\/users\/1"}],"replies":[{"embeddable":true,"href":"https:\/\/www.ryborz.com\/index.php\/wp-json\/wp\/v2\/comments?post=31"}],"version-history":[{"count":13,"href":"https:\/\/www.ryborz.com\/index.php\/wp-json\/wp\/v2\/pages\/31\/revisions"}],"predecessor-version":[{"id":370,"href":"https:\/\/www.ryborz.com\/index.php\/wp-json\/wp\/v2\/pages\/31\/revisions\/370"}],"up":[{"embeddable":true,"href":"https:\/\/www.ryborz.com\/index.php\/wp-json\/wp\/v2\/pages\/27"}],"wp:attachment":[{"href":"https:\/\/www.ryborz.com\/index.php\/wp-json\/wp\/v2\/media?parent=31"}],"curies":[{"name":"wp","href":"https:\/\/api.w.org\/{rel}","templated":true}]}}